{"id":2000,"date":"2023-02-04T17:04:44","date_gmt":"2023-02-04T17:04:44","guid":{"rendered":"https:\/\/rentour.gr\/?page_id=2000"},"modified":"2023-06-05T15:39:26","modified_gmt":"2023-06-05T15:39:26","slug":"%ce%b4%ce%b9%ce%b1%ce%bc%ce%bf%ce%bd%ce%ae","status":"publish","type":"page","link":"https:\/\/rentour.gr\/es\/hoteles\/","title":{"rendered":"Alojamiento"},"content":{"rendered":"<p>[et_pb_section fb_built=&#8221;1&#8243; admin_label=&#8221;section&#8221; _builder_version=&#8221;4.20.4&#8243; hover_enabled=&#8221;0&#8243; global_colors_info=&#8221;{}&#8221; background_color=&#8221;rgba(244,244,244,0.1)&#8221; sticky_enabled=&#8221;0&#8243;][et_pb_row admin_label=&#8221;row&#8221; _builder_version=&#8221;4.16&#8243; background_size=&#8221;initial&#8221; background_position=&#8221;top_left&#8221; background_repeat=&#8221;repeat&#8221; global_colors_info=&#8221;{}&#8221;][et_pb_column type=&#8221;4_4&#8243; _builder_version=&#8221;4.16&#8243; custom_padding=&#8221;|||&#8221; global_colors_info=&#8221;{}&#8221; custom_padding__hover=&#8221;|||&#8221;][et_pb_text _builder_version=&#8221;4.20.4&#8243; _module_preset=&#8221;default&#8221; hover_enabled=&#8221;0&#8243; global_colors_info=&#8221;{}&#8221; sticky_enabled=&#8221;0&#8243;]<\/p>\n<header>\n<h1><span data-testid=\"herobanner-title1\" class=\"fa27fe07b6 c0ec8bd590 e0ff951c3e\">Encuentra tu pr\u00f3ximo alojamiento<\/span><\/h1>\n<\/header>\n<p data-testid=\"herobanner-subtitile\" class=\"fa21f9c13a c0ec8bd590 e6d35895b6\">Busque ofertas en hoteles, casas y m\u00e1s...<\/p>\n<p>[\/et_pb_text][et_pb_text admin_label=&#8221;Text&#8221; _builder_version=&#8221;4.16&#8243; background_size=&#8221;initial&#8221; background_position=&#8221;top_left&#8221; background_repeat=&#8221;repeat&#8221; hover_enabled=&#8221;0&#8243; global_colors_info=&#8221;{}&#8221; sticky_enabled=&#8221;0&#8243;]<script src=\"https:\/\/www.booking.com\/affiliate\/prelanding_sdk\"><\/script><\/p>\n<div id=\"bookingAffiliateWidget_a2b281a6-06c9-49e0-92f2-1b8b084098db\"><\/div>\n<p><script>\n      (function () {\n          var BookingAffiliateWidget = new Booking.AffiliateWidget({\n  \"iframeSettings\": {\n    \"selector\": \"bookingAffiliateWidget_a2b281a6-06c9-49e0-92f2-1b8b084098db\",\n    \"responsive\": true\n  },\n  \"widgetSettings\": {}\n});\n      })();\n  <\/script>[\/et_pb_text][\/et_pb_column][\/et_pb_row][et_pb_row _builder_version=&#8221;4.20.4&#8243; _module_preset=&#8221;default&#8221; global_colors_info=&#8221;{}&#8221;][et_pb_column type=&#8221;4_4&#8243; _builder_version=&#8221;4.20.4&#8243; _module_preset=&#8221;default&#8221; global_colors_info=&#8221;{}&#8221;][et_pb_image src=&#8221;https:\/\/rentour.gr\/wp-content\/uploads\/2023\/05\/apartment.jpeg&#8221; _builder_version=&#8221;4.20.4&#8243; _module_preset=&#8221;default&#8221; alt=&#8221;\u03b4\u03b9\u03b1\u03bc\u03bf\u03bd\u03b7&#8221; title_text=&#8221;apartment&#8221; hover_enabled=&#8221;0&#8243; sticky_enabled=&#8221;0&#8243; align=&#8221;center&#8221;][\/et_pb_image][\/et_pb_column][\/et_pb_row][\/et_pb_section][et_pb_section fb_built=&#8221;1&#8243; fullwidth=&#8221;on&#8221; theme_builder_area=&#8221;post_content&#8221; _builder_version=&#8221;4.20.4&#8243; _module_preset=&#8221;default&#8221; background_color=&#8221;#0C71C3&#8243; hover_enabled=&#8221;0&#8243; sticky_enabled=&#8221;0&#8243;][et_pb_fullwidth_header title=&#8221;\u0395\u03cd\u03ba\u03bf\u03bb\u03b7 \u03b1\u03bd\u03b1\u03b6\u03ae\u03c4\u03b7\u03c3\u03b7 \u03be\u03b5\u03bd\u03bf\u03b4\u03bf\u03c7\u03b5\u03af\u03bf\u03c5 &#8221; _builder_version=&#8221;4.20.4&#8243; _module_preset=&#8221;default&#8221; theme_builder_area=&#8221;post_content&#8221; content_font_size=&#8221;16px&#8221; title_level=&#8221;h2&#8243; title_font_size=&#8221;29px&#8221; hover_enabled=&#8221;0&#8243; sticky_enabled=&#8221;0&#8243;]<\/p>\n<p class=\"p1\"><span class=\"s1\">Aqu\u00ed puede encontrar f\u00e1cilmente el hotel ideal y comparar precios de diferentes alojamientos. Simplemente escriba su destino y las fechas de viaje deseadas.<span class=\"Apple-converted-space\">\u00a0 <\/span>Compararemos los precios de alojamiento para usted. Para refinar los resultados de su b\u00fasqueda, utilice filtros como precio,<span class=\"Apple-converted-space\">\u00a0 <\/span>la cantidad de estrellas, comodidades y m\u00e1s. Desde hostales econ\u00f3micos hasta suites de lujo, hacer una reserva online es muy f\u00e1cil. \u00a1Puede buscar entre una gran variedad de habitaciones y destinos en toda Grecia, como Atenas y Sal\u00f3nica, as\u00ed como ciudades populares y destinos de vacaciones en el extranjero!<\/span><\/p>\n<p>[\/et_pb_fullwidth_header][\/et_pb_section]<\/p>","protected":false},"excerpt":{"rendered":"<p>\u0392\u03c1\u03b5\u03af\u03c4\u03b5 \u03c4\u03bf \u03b5\u03c0\u03cc\u03bc\u03b5\u03bd\u03bf \u03ba\u03b1\u03c4\u03ac\u03bb\u03c5\u03bc\u03ac \u03c3\u03b1\u03c2 \u039a\u03ac\u03bd\u03c4\u03b5 \u03b1\u03bd\u03b1\u03b6\u03ae\u03c4\u03b7\u03c3\u03b7 \u03b3\u03b9\u03b1 \u03c0\u03c1\u03bf\u03c3\u03c6\u03bf\u03c1\u03ad\u03c2 \u03c3\u03b5 \u03be\u03b5\u03bd\u03bf\u03b4\u03bf\u03c7\u03b5\u03af\u03b1, \u03c3\u03c0\u03af\u03c4\u03b9\u03b1 \u03ba\u03b1\u03b9 \u03c0\u03bf\u03bb\u03bb\u03ac \u03ac\u03bb\u03bb\u03b1&#8230; \u0395\u03b4\u03c9 \u03bc\u03c0\u03bf\u03c1\u03b5\u03af\u03c2 \u03b5\u03cd\u03ba\u03bf\u03bb\u03b1\u00a0\u03bd\u03b1 \u03b2\u03c1\u03b5\u03b9\u03c2 \u03c4\u03bf \u03b9\u03b4\u03b1\u03bd\u03b9\u03ba\u03cc \u03be\u03b5\u03bd\u03bf\u03b4\u03bf\u03c7\u03b5\u03af\u03bf \u03ba\u03b1\u03b9 \u03bd\u03b1 \u03c3\u03c5\u03b3\u03ba\u03c1\u03af\u03bd\u03b5\u03b9\u03c2 \u03c4\u03b9\u03bc\u03ad\u03c2 \u03b1\u03c0\u03cc \u03b4\u03b9\u03b1\u03c6\u03bf\u03c1\u03b5\u03c4\u03b9\u03ba\u03b1 \u03ba\u03b1\u03c4\u03b1\u03bb\u03c5\u03bc\u03b1\u03c4\u03b1 \u0391\u03c0\u03bb\u03ac \u03c0\u03bb\u03b7\u03ba\u03c4\u03c1\u03bf\u03bb\u03cc\u03b3\u03b7\u03c3\u03b5 \u03c4\u03bf\u03bd \u03c0\u03c1\u03bf\u03bf\u03c1\u03b9\u03c3\u03bc\u03cc \u03c3\u03bf\u03c5 \u03ba\u03b1\u03b9 \u03c4\u03b9\u03c2 \u03b5\u03c0\u03b9\u03b8\u03c5\u03bc\u03b7\u03c4\u03ad\u03c2 \u03b7\u03bc\u03b5\u03c1\u03bf\u03bc\u03b7\u03bd\u03af\u03b5\u03c2 \u03c4\u03b1\u03be\u03b9\u03b4\u03b9\u03bf\u03cd\u00a0 \u03b8\u03b1 \u03c3\u03c5\u03b3\u03ba\u03c1\u03af\u03bd\u03bf\u03c5\u03bc\u03b5 \u03c4\u03b9\u03c2 \u03c4\u03b9\u03bc\u03ad\u03c2 \u03b4\u03b9\u03b1\u03bc\u03bf\u03bd\u03ae\u03c2 \u03b3\u03b9\u03b1 \u03b5\u03c3\u03ad\u03bd\u03b1. \u0393\u03b9\u03b1 \u03bd\u03b1 \u03b2\u03b5\u03bb\u03c4\u03b9\u03ce\u03c3\u03b5\u03b9\u03c2 \u03c4\u03b1 \u03b1\u03c0\u03bf\u03c4\u03b5\u03bb\u03ad\u03c3\u03bc\u03b1\u03c4\u03b1 \u03c4\u03b7\u03c2 \u03b1\u03bd\u03b1\u03b6\u03ae\u03c4\u03b7\u03c3\u03b7\u03c2, \u03c7\u03c1\u03b7\u03c3\u03b9\u03bc\u03bf\u03c0\u03bf\u03af\u03b7\u03c3\u03b5 \u03c6\u03af\u03bb\u03c4\u03c1\u03b1 [&hellip;]<\/p>","protected":false},"author":1,"featured_media":0,"parent":0,"menu_order":0,"comment_status":"closed","ping_status":"closed","template":"","meta":{"_et_pb_use_builder":"on","_et_pb_old_content":"<script src=\"https:\/\/www.booking.com\/affiliate\/prelanding_sdk\"><\/script>\r\n<div id=\"bookingAffiliateWidget_a2b281a6-06c9-49e0-92f2-1b8b084098db\"><\/div>\r\n<script>\r\n      (function () {\r\n          var BookingAffiliateWidget = new Booking.AffiliateWidget({\r\n  \"iframeSettings\": {\r\n    \"selector\": \"bookingAffiliateWidget_a2b281a6-06c9-49e0-92f2-1b8b084098db\",\r\n    \"responsive\": true\r\n  },\r\n  \"widgetSettings\": {}\r\n});\r\n      })();\r\n  <\/script>","_et_gb_content_width":"","footnotes":""},"yoast_head":"<!-- This site is optimized with the Yoast SEO Premium plugin v20.6 (Yoast SEO v20.6) - https:\/\/yoast.com\/wordpress\/plugins\/seo\/ -->\n<title>\u0394\u03b9\u03b1\u03bc\u03bf\u03bd\u03ae - Rentour<\/title>\n<meta name=\"robots\" content=\"index, follow, max-snippet:-1, max-image-preview:large, max-video-preview:-1\" \/>\n<link rel=\"canonical\" href=\"https:\/\/rentour.gr\/es\/hoteles\/\" \/>\n<meta property=\"og:locale\" content=\"es_ES\" \/>\n<meta property=\"og:type\" content=\"article\" \/>\n<meta property=\"og:title\" content=\"\u0394\u03b9\u03b1\u03bc\u03bf\u03bd\u03ae\" \/>\n<meta property=\"og:description\" content=\"\u0392\u03c1\u03b5\u03af\u03c4\u03b5 \u03c4\u03bf \u03b5\u03c0\u03cc\u03bc\u03b5\u03bd\u03bf \u03ba\u03b1\u03c4\u03ac\u03bb\u03c5\u03bc\u03ac \u03c3\u03b1\u03c2 \u039a\u03ac\u03bd\u03c4\u03b5 \u03b1\u03bd\u03b1\u03b6\u03ae\u03c4\u03b7\u03c3\u03b7 \u03b3\u03b9\u03b1 \u03c0\u03c1\u03bf\u03c3\u03c6\u03bf\u03c1\u03ad\u03c2 \u03c3\u03b5 \u03be\u03b5\u03bd\u03bf\u03b4\u03bf\u03c7\u03b5\u03af\u03b1, \u03c3\u03c0\u03af\u03c4\u03b9\u03b1 \u03ba\u03b1\u03b9 \u03c0\u03bf\u03bb\u03bb\u03ac \u03ac\u03bb\u03bb\u03b1... \u0395\u03b4\u03c9 \u03bc\u03c0\u03bf\u03c1\u03b5\u03af\u03c2 \u03b5\u03cd\u03ba\u03bf\u03bb\u03b1\u00a0\u03bd\u03b1 \u03b2\u03c1\u03b5\u03b9\u03c2 \u03c4\u03bf \u03b9\u03b4\u03b1\u03bd\u03b9\u03ba\u03cc \u03be\u03b5\u03bd\u03bf\u03b4\u03bf\u03c7\u03b5\u03af\u03bf \u03ba\u03b1\u03b9 \u03bd\u03b1 \u03c3\u03c5\u03b3\u03ba\u03c1\u03af\u03bd\u03b5\u03b9\u03c2 \u03c4\u03b9\u03bc\u03ad\u03c2 \u03b1\u03c0\u03cc \u03b4\u03b9\u03b1\u03c6\u03bf\u03c1\u03b5\u03c4\u03b9\u03ba\u03b1 \u03ba\u03b1\u03c4\u03b1\u03bb\u03c5\u03bc\u03b1\u03c4\u03b1 \u0391\u03c0\u03bb\u03ac \u03c0\u03bb\u03b7\u03ba\u03c4\u03c1\u03bf\u03bb\u03cc\u03b3\u03b7\u03c3\u03b5 \u03c4\u03bf\u03bd \u03c0\u03c1\u03bf\u03bf\u03c1\u03b9\u03c3\u03bc\u03cc \u03c3\u03bf\u03c5 \u03ba\u03b1\u03b9 \u03c4\u03b9\u03c2 \u03b5\u03c0\u03b9\u03b8\u03c5\u03bc\u03b7\u03c4\u03ad\u03c2 \u03b7\u03bc\u03b5\u03c1\u03bf\u03bc\u03b7\u03bd\u03af\u03b5\u03c2 \u03c4\u03b1\u03be\u03b9\u03b4\u03b9\u03bf\u03cd\u00a0 \u03b8\u03b1 \u03c3\u03c5\u03b3\u03ba\u03c1\u03af\u03bd\u03bf\u03c5\u03bc\u03b5 \u03c4\u03b9\u03c2 \u03c4\u03b9\u03bc\u03ad\u03c2 \u03b4\u03b9\u03b1\u03bc\u03bf\u03bd\u03ae\u03c2 \u03b3\u03b9\u03b1 \u03b5\u03c3\u03ad\u03bd\u03b1. \u0393\u03b9\u03b1 \u03bd\u03b1 \u03b2\u03b5\u03bb\u03c4\u03b9\u03ce\u03c3\u03b5\u03b9\u03c2 \u03c4\u03b1 \u03b1\u03c0\u03bf\u03c4\u03b5\u03bb\u03ad\u03c3\u03bc\u03b1\u03c4\u03b1 \u03c4\u03b7\u03c2 \u03b1\u03bd\u03b1\u03b6\u03ae\u03c4\u03b7\u03c3\u03b7\u03c2, \u03c7\u03c1\u03b7\u03c3\u03b9\u03bc\u03bf\u03c0\u03bf\u03af\u03b7\u03c3\u03b5 \u03c6\u03af\u03bb\u03c4\u03c1\u03b1 [&hellip;]\" \/>\n<meta property=\"og:url\" content=\"https:\/\/rentour.gr\/es\/hoteles\/\" \/>\n<meta property=\"og:site_name\" content=\"Rentour\" \/>\n<meta property=\"article:publisher\" content=\"https:\/\/www.facebook.com\/rentour1\" \/>\n<meta property=\"article:modified_time\" content=\"2023-06-05T15:39:26+00:00\" \/>\n<meta property=\"og:image\" content=\"https:\/\/rentour.gr\/wp-content\/uploads\/2019\/12\/car-rental-5-cars.jpg\" \/>\n\t<meta property=\"og:image:width\" content=\"900\" \/>\n\t<meta property=\"og:image:height\" content=\"300\" \/>\n\t<meta property=\"og:image:type\" content=\"image\/jpeg\" \/>\n<meta name=\"twitter:card\" content=\"summary_large_image\" \/>\n<meta name=\"twitter:site\" content=\"@Rentour2\" \/>\n<meta name=\"twitter:label1\" content=\"Tiempo de lectura\" \/>\n\t<meta name=\"twitter:data1\" content=\"1 minuto\" \/>\n<script type=\"application\/ld+json\" class=\"yoast-schema-graph\">{\"@context\":\"https:\/\/schema.org\",\"@graph\":[{\"@type\":\"WebPage\",\"@id\":\"https:\/\/rentour.gr\/%ce%b4%ce%b9%ce%b1%ce%bc%ce%bf%ce%bd%ce%ae\/\",\"url\":\"https:\/\/rentour.gr\/%ce%b4%ce%b9%ce%b1%ce%bc%ce%bf%ce%bd%ce%ae\/\",\"name\":\"\u0394\u03b9\u03b1\u03bc\u03bf\u03bd\u03ae - Rentour\",\"isPartOf\":{\"@id\":\"https:\/\/rentour.gr\/#website\"},\"datePublished\":\"2023-02-04T17:04:44+00:00\",\"dateModified\":\"2023-06-05T15:39:26+00:00\",\"breadcrumb\":{\"@id\":\"https:\/\/rentour.gr\/%ce%b4%ce%b9%ce%b1%ce%bc%ce%bf%ce%bd%ce%ae\/#breadcrumb\"},\"inLanguage\":\"es\",\"potentialAction\":[{\"@type\":\"ReadAction\",\"target\":[\"https:\/\/rentour.gr\/%ce%b4%ce%b9%ce%b1%ce%bc%ce%bf%ce%bd%ce%ae\/\"]}]},{\"@type\":\"BreadcrumbList\",\"@id\":\"https:\/\/rentour.gr\/%ce%b4%ce%b9%ce%b1%ce%bc%ce%bf%ce%bd%ce%ae\/#breadcrumb\",\"itemListElement\":[{\"@type\":\"ListItem\",\"position\":1,\"name\":\"\u0391\u03c1\u03c7\u03b9\u03ba\u03ae\",\"item\":\"https:\/\/rentour.gr\/\"},{\"@type\":\"ListItem\",\"position\":2,\"name\":\"\u0394\u03b9\u03b1\u03bc\u03bf\u03bd\u03ae\"}]},{\"@type\":\"WebSite\",\"@id\":\"https:\/\/rentour.gr\/#website\",\"url\":\"https:\/\/rentour.gr\/\",\"name\":\"Rentour\",\"description\":\"\",\"publisher\":{\"@id\":\"https:\/\/rentour.gr\/#organization\"},\"potentialAction\":[{\"@type\":\"SearchAction\",\"target\":{\"@type\":\"EntryPoint\",\"urlTemplate\":\"https:\/\/rentour.gr\/?s={search_term_string}\"},\"query-input\":\"required name=search_term_string\"}],\"inLanguage\":\"es\"},{\"@type\":[\"Organization\",\"Place\",\"AutoRental\"],\"@id\":\"https:\/\/rentour.gr\/#organization\",\"name\":\"RENTOUR Rent a Car\",\"url\":\"https:\/\/rentour.gr\/\",\"logo\":{\"@id\":\"https:\/\/rentour.gr\/%ce%b4%ce%b9%ce%b1%ce%bc%ce%bf%ce%bd%ce%ae\/#local-main-organization-logo\"},\"image\":{\"@id\":\"https:\/\/rentour.gr\/%ce%b4%ce%b9%ce%b1%ce%bc%ce%bf%ce%bd%ce%ae\/#local-main-organization-logo\"},\"sameAs\":[\"https:\/\/www.facebook.com\/rentour1\",\"https:\/\/twitter.com\/Rentour2\"],\"address\":{\"@id\":\"https:\/\/rentour.gr\/%ce%b4%ce%b9%ce%b1%ce%bc%ce%bf%ce%bd%ce%ae\/#local-main-place-address\"},\"geo\":{\"@type\":\"GeoCoordinates\",\"latitude\":\"37.967216\",\"longitude\":\"23.7298846\"},\"telephone\":[\"+306951660627\",\"+302103810411\"],\"openingHoursSpecification\":[{\"@type\":\"OpeningHoursSpecification\",\"dayOfWeek\":[\"Monday\",\"Tuesday\",\"Wednesday\",\"Thursday\",\"Friday\",\"Saturday\",\"Sunday\"],\"opens\":\"09:00\",\"closes\":\"21:00\"}],\"email\":\"info@rentour.gr\",\"priceRange\":\"$\",\"currenciesAccepted\":\"all\",\"paymentAccepted\":\"Credit card, debit card, cash, bank transfer, PayPal, visa, MasterCard\"},{\"@type\":\"PostalAddress\",\"@id\":\"https:\/\/rentour.gr\/%ce%b4%ce%b9%ce%b1%ce%bc%ce%bf%ce%bd%ce%ae\/#local-main-place-address\",\"streetAddress\":\"\u039b\u03b5\u03c9\u03c6\u03cc\u03c1\u03bf\u03c2 \u03a3\u03c5\u03b3\u03b3\u03c1\u03bf\u03cd 26\",\"addressLocality\":\"\u0391\u03b8\u03ae\u03bd\u03b1\",\"postalCode\":\"11742\",\"addressRegion\":\"\u0391\u03c4\u03c4\u03b9\u03ba\u03ae\u03c2\",\"addressCountry\":\"GR\"},{\"@type\":\"ImageObject\",\"inLanguage\":\"es\",\"@id\":\"https:\/\/rentour.gr\/%ce%b4%ce%b9%ce%b1%ce%bc%ce%bf%ce%bd%ce%ae\/#local-main-organization-logo\",\"url\":\"https:\/\/rentour.gr\/wp-content\/uploads\/2019\/11\/1222rent-tour-logo-e1573558150999.png\",\"contentUrl\":\"https:\/\/rentour.gr\/wp-content\/uploads\/2019\/11\/1222rent-tour-logo-e1573558150999.png\",\"width\":280,\"height\":65,\"caption\":\"RENTOUR Rent a Car\"}]}<\/script>\n<meta name=\"geo.placename\" content=\"\u0391\u03b8\u03ae\u03bd\u03b1\" \/>\n<meta name=\"geo.position\" content=\"37.967216;23.7298846\" \/>\n<meta name=\"geo.region\" content=\"Grecia\" \/>\n<!-- \/ Yoast SEO Premium plugin. -->","yoast_head_json":{"title":"\u0394\u03b9\u03b1\u03bc\u03bf\u03bd\u03ae - Rentour","robots":{"index":"index","follow":"follow","max-snippet":"max-snippet:-1","max-image-preview":"max-image-preview:large","max-video-preview":"max-video-preview:-1"},"canonical":"https:\/\/rentour.gr\/es\/hoteles\/","og_locale":"es_ES","og_type":"article","og_title":"\u0394\u03b9\u03b1\u03bc\u03bf\u03bd\u03ae","og_description":"\u0392\u03c1\u03b5\u03af\u03c4\u03b5 \u03c4\u03bf \u03b5\u03c0\u03cc\u03bc\u03b5\u03bd\u03bf \u03ba\u03b1\u03c4\u03ac\u03bb\u03c5\u03bc\u03ac \u03c3\u03b1\u03c2 \u039a\u03ac\u03bd\u03c4\u03b5 \u03b1\u03bd\u03b1\u03b6\u03ae\u03c4\u03b7\u03c3\u03b7 \u03b3\u03b9\u03b1 \u03c0\u03c1\u03bf\u03c3\u03c6\u03bf\u03c1\u03ad\u03c2 \u03c3\u03b5 \u03be\u03b5\u03bd\u03bf\u03b4\u03bf\u03c7\u03b5\u03af\u03b1, \u03c3\u03c0\u03af\u03c4\u03b9\u03b1 \u03ba\u03b1\u03b9 \u03c0\u03bf\u03bb\u03bb\u03ac \u03ac\u03bb\u03bb\u03b1... \u0395\u03b4\u03c9 \u03bc\u03c0\u03bf\u03c1\u03b5\u03af\u03c2 \u03b5\u03cd\u03ba\u03bf\u03bb\u03b1\u00a0\u03bd\u03b1 \u03b2\u03c1\u03b5\u03b9\u03c2 \u03c4\u03bf \u03b9\u03b4\u03b1\u03bd\u03b9\u03ba\u03cc \u03be\u03b5\u03bd\u03bf\u03b4\u03bf\u03c7\u03b5\u03af\u03bf \u03ba\u03b1\u03b9 \u03bd\u03b1 \u03c3\u03c5\u03b3\u03ba\u03c1\u03af\u03bd\u03b5\u03b9\u03c2 \u03c4\u03b9\u03bc\u03ad\u03c2 \u03b1\u03c0\u03cc \u03b4\u03b9\u03b1\u03c6\u03bf\u03c1\u03b5\u03c4\u03b9\u03ba\u03b1 \u03ba\u03b1\u03c4\u03b1\u03bb\u03c5\u03bc\u03b1\u03c4\u03b1 \u0391\u03c0\u03bb\u03ac \u03c0\u03bb\u03b7\u03ba\u03c4\u03c1\u03bf\u03bb\u03cc\u03b3\u03b7\u03c3\u03b5 \u03c4\u03bf\u03bd \u03c0\u03c1\u03bf\u03bf\u03c1\u03b9\u03c3\u03bc\u03cc \u03c3\u03bf\u03c5 \u03ba\u03b1\u03b9 \u03c4\u03b9\u03c2 \u03b5\u03c0\u03b9\u03b8\u03c5\u03bc\u03b7\u03c4\u03ad\u03c2 \u03b7\u03bc\u03b5\u03c1\u03bf\u03bc\u03b7\u03bd\u03af\u03b5\u03c2 \u03c4\u03b1\u03be\u03b9\u03b4\u03b9\u03bf\u03cd\u00a0 \u03b8\u03b1 \u03c3\u03c5\u03b3\u03ba\u03c1\u03af\u03bd\u03bf\u03c5\u03bc\u03b5 \u03c4\u03b9\u03c2 \u03c4\u03b9\u03bc\u03ad\u03c2 \u03b4\u03b9\u03b1\u03bc\u03bf\u03bd\u03ae\u03c2 \u03b3\u03b9\u03b1 \u03b5\u03c3\u03ad\u03bd\u03b1. \u0393\u03b9\u03b1 \u03bd\u03b1 \u03b2\u03b5\u03bb\u03c4\u03b9\u03ce\u03c3\u03b5\u03b9\u03c2 \u03c4\u03b1 \u03b1\u03c0\u03bf\u03c4\u03b5\u03bb\u03ad\u03c3\u03bc\u03b1\u03c4\u03b1 \u03c4\u03b7\u03c2 \u03b1\u03bd\u03b1\u03b6\u03ae\u03c4\u03b7\u03c3\u03b7\u03c2, \u03c7\u03c1\u03b7\u03c3\u03b9\u03bc\u03bf\u03c0\u03bf\u03af\u03b7\u03c3\u03b5 \u03c6\u03af\u03bb\u03c4\u03c1\u03b1 [&hellip;]","og_url":"https:\/\/rentour.gr\/es\/hoteles\/","og_site_name":"Rentour","article_publisher":"https:\/\/www.facebook.com\/rentour1","article_modified_time":"2023-06-05T15:39:26+00:00","og_image":[{"width":900,"height":300,"url":"https:\/\/rentour.gr\/wp-content\/uploads\/2019\/12\/car-rental-5-cars.jpg","type":"image\/jpeg"}],"twitter_card":"summary_large_image","twitter_site":"@Rentour2","twitter_misc":{"Tiempo de lectura":"1 minuto"},"schema":{"@context":"https:\/\/schema.org","@graph":[{"@type":"WebPage","@id":"https:\/\/rentour.gr\/%ce%b4%ce%b9%ce%b1%ce%bc%ce%bf%ce%bd%ce%ae\/","url":"https:\/\/rentour.gr\/%ce%b4%ce%b9%ce%b1%ce%bc%ce%bf%ce%bd%ce%ae\/","name":"\u0394\u03b9\u03b1\u03bc\u03bf\u03bd\u03ae - Rentour","isPartOf":{"@id":"https:\/\/rentour.gr\/#website"},"datePublished":"2023-02-04T17:04:44+00:00","dateModified":"2023-06-05T15:39:26+00:00","breadcrumb":{"@id":"https:\/\/rentour.gr\/%ce%b4%ce%b9%ce%b1%ce%bc%ce%bf%ce%bd%ce%ae\/#breadcrumb"},"inLanguage":"es","potentialAction":[{"@type":"ReadAction","target":["https:\/\/rentour.gr\/%ce%b4%ce%b9%ce%b1%ce%bc%ce%bf%ce%bd%ce%ae\/"]}]},{"@type":"BreadcrumbList","@id":"https:\/\/rentour.gr\/%ce%b4%ce%b9%ce%b1%ce%bc%ce%bf%ce%bd%ce%ae\/#breadcrumb","itemListElement":[{"@type":"ListItem","position":1,"name":"\u0391\u03c1\u03c7\u03b9\u03ba\u03ae","item":"https:\/\/rentour.gr\/"},{"@type":"ListItem","position":2,"name":"\u0394\u03b9\u03b1\u03bc\u03bf\u03bd\u03ae"}]},{"@type":"WebSite","@id":"https:\/\/rentour.gr\/#website","url":"https:\/\/rentour.gr\/","name":"Rentour","description":"","publisher":{"@id":"https:\/\/rentour.gr\/#organization"},"potentialAction":[{"@type":"SearchAction","target":{"@type":"EntryPoint","urlTemplate":"https:\/\/rentour.gr\/?s={search_term_string}"},"query-input":"required name=search_term_string"}],"inLanguage":"es"},{"@type":["Organization","Place","AutoRental"],"@id":"https:\/\/rentour.gr\/#organization","name":"RENTOUR Rent a Car","url":"https:\/\/rentour.gr\/","logo":{"@id":"https:\/\/rentour.gr\/%ce%b4%ce%b9%ce%b1%ce%bc%ce%bf%ce%bd%ce%ae\/#local-main-organization-logo"},"image":{"@id":"https:\/\/rentour.gr\/%ce%b4%ce%b9%ce%b1%ce%bc%ce%bf%ce%bd%ce%ae\/#local-main-organization-logo"},"sameAs":["https:\/\/www.facebook.com\/rentour1","https:\/\/twitter.com\/Rentour2"],"address":{"@id":"https:\/\/rentour.gr\/%ce%b4%ce%b9%ce%b1%ce%bc%ce%bf%ce%bd%ce%ae\/#local-main-place-address"},"geo":{"@type":"GeoCoordinates","latitude":"37.967216","longitude":"23.7298846"},"telephone":["+306951660627","+302103810411"],"openingHoursSpecification":[{"@type":"OpeningHoursSpecification","dayOfWeek":["Monday","Tuesday","Wednesday","Thursday","Friday","Saturday","Sunday"],"opens":"09:00","closes":"21:00"}],"email":"info@rentour.gr","priceRange":"$","currenciesAccepted":"all","paymentAccepted":"Credit card, debit card, cash, bank transfer, PayPal, visa, MasterCard"},{"@type":"PostalAddress","@id":"https:\/\/rentour.gr\/%ce%b4%ce%b9%ce%b1%ce%bc%ce%bf%ce%bd%ce%ae\/#local-main-place-address","streetAddress":"\u039b\u03b5\u03c9\u03c6\u03cc\u03c1\u03bf\u03c2 \u03a3\u03c5\u03b3\u03b3\u03c1\u03bf\u03cd 26","addressLocality":"\u0391\u03b8\u03ae\u03bd\u03b1","postalCode":"11742","addressRegion":"\u0391\u03c4\u03c4\u03b9\u03ba\u03ae\u03c2","addressCountry":"GR"},{"@type":"ImageObject","inLanguage":"es","@id":"https:\/\/rentour.gr\/%ce%b4%ce%b9%ce%b1%ce%bc%ce%bf%ce%bd%ce%ae\/#local-main-organization-logo","url":"https:\/\/rentour.gr\/wp-content\/uploads\/2019\/11\/1222rent-tour-logo-e1573558150999.png","contentUrl":"https:\/\/rentour.gr\/wp-content\/uploads\/2019\/11\/1222rent-tour-logo-e1573558150999.png","width":280,"height":65,"caption":"RENTOUR Rent a Car"}]},"geo.placename":"\u0391\u03b8\u03ae\u03bd\u03b1","geo.position":{"lat":"37.967216","long":"23.7298846"},"geo.region":"Grecia"},"_links":{"self":[{"href":"https:\/\/rentour.gr\/es\/wp-json\/wp\/v2\/pages\/2000"}],"collection":[{"href":"https:\/\/rentour.gr\/es\/wp-json\/wp\/v2\/pages"}],"about":[{"href":"https:\/\/rentour.gr\/es\/wp-json\/wp\/v2\/types\/page"}],"author":[{"embeddable":true,"href":"https:\/\/rentour.gr\/es\/wp-json\/wp\/v2\/users\/1"}],"replies":[{"embeddable":true,"href":"https:\/\/rentour.gr\/es\/wp-json\/wp\/v2\/comments?post=2000"}],"version-history":[{"count":0,"href":"https:\/\/rentour.gr\/es\/wp-json\/wp\/v2\/pages\/2000\/revisions"}],"wp:attachment":[{"href":"https:\/\/rentour.gr\/es\/wp-json\/wp\/v2\/media?parent=2000"}],"curies":[{"name":"wp","href":"https:\/\/api.w.org\/{rel}","templated":true}]}}